{"id":89,"date":"2023-07-31T20:03:11","date_gmt":"2023-07-31T23:03:11","guid":{"rendered":"https:\/\/kirinusenunes.com.br\/novo\/?page_id=89"},"modified":"2023-07-31T20:12:49","modified_gmt":"2023-07-31T23:12:49","slug":"quem-somos","status":"publish","type":"page","link":"https:\/\/kirinusenunes.com.br\/novo\/?page_id=89","title":{"rendered":"quem somos"},"content":{"rendered":"\t\t<div data-elementor-type=\"wp-page\" data-elementor-id=\"89\" class=\"elementor elementor-89\">\n\t\t\t\t\t\t\t<div class=\"elementor-element elementor-element-1389e141 e-flex e-con-boxed e-con\" data-id=\"1389e141\" data-element_type=\"container\" data-settings=\"{&quot;content_width&quot;:&quot;boxed&quot;}\">\n\t\t\t\t\t<div class=\"e-con-inner\">\n\t\t<div class=\"elementor-element elementor-element-7253dd6a e-con-full e-flex e-con\" data-id=\"7253dd6a\" data-element_type=\"container\" data-settings=\"{&quot;content_width&quot;:&quot;full&quot;,&quot;background_background&quot;:&quot;classic&quot;}\">\n\t\t\t\t<div class=\"elementor-element elementor-element-15f59923 elementor-widget__width-initial elementor-widget elementor-widget-heading\" data-id=\"15f59923\" data-element_type=\"widget\" data-widget_type=\"heading.default\">\n\t\t\t\t<div class=\"elementor-widget-container\">\n\t\t\t<style>\/*! elementor - v3.15.0 - 20-08-2023 *\/\n.elementor-heading-title{padding:0;margin:0;line-height:1}.elementor-widget-heading .elementor-heading-title[class*=elementor-size-]>a{color:inherit;font-size:inherit;line-height:inherit}.elementor-widget-heading .elementor-heading-title.elementor-size-small{font-size:15px}.elementor-widget-heading .elementor-heading-title.elementor-size-medium{font-size:19px}.elementor-widget-heading .elementor-heading-title.elementor-size-large{font-size:29px}.elementor-widget-heading .elementor-heading-title.elementor-size-xl{font-size:39px}.elementor-widget-heading .elementor-heading-title.elementor-size-xxl{font-size:59px}<\/style><h1 class=\"elementor-heading-title elementor-size-default\">  Seja bem vindo! <b><span style=\"color: #FF1720;\">Permita que a dan\u00e7a transforme sua vida...<\/span><\/b><\/h1>\t\t<\/div>\n\t\t\t\t<\/div>\n\t\t\t\t<div class=\"elementor-element elementor-element-2edc5671 elementor-widget__width-initial elementor-widget elementor-widget-heading\" data-id=\"2edc5671\" data-element_type=\"widget\" data-widget_type=\"heading.default\">\n\t\t\t\t<div class=\"elementor-widget-container\">\n\t\t\t<h3 class=\"elementor-heading-title elementor-size-default\">... transforme seu corpo, aumente seu c\u00edrculo de amigos, aumente sua autoestima e lhe torne ainda mais feliz. Verifique nossas aulas em turmas regulares e tamb\u00e9m a possibilidade de aulas particulares.Se voc\u00ea j\u00e1 dan\u00e7a, venha conhecer nossa escola, nossos bailes e nossos diferenciais. Se deseja aprender a dan\u00e7ar, aqui ser\u00e1 o ponto de partida para iniciar seus primeiros passos e colocar novas op\u00e7\u00f5es em sua vida.Se procura outros servi\u00e7os relacionados \u00e0 dan\u00e7a como coreografias, workshops e shows, entre em contato conosco para conversar e formatar um produto que vai atender suas necessidades e desejos.Conhe\u00e7a o site, conhe\u00e7a a escola, fa\u00e7a um contato com a gente, venha nos visitar e comece a dan\u00e7ar hoje mesmo.<\/h3>\t\t<\/div>\n\t\t\t\t<\/div>\n\t\t\t\t<\/div>\n\t\t<div class=\"elementor-element elementor-element-74399184 e-con-full e-flex e-con\" data-id=\"74399184\" data-element_type=\"container\" data-settings=\"{&quot;content_width&quot;:&quot;full&quot;}\">\n\t\t<div class=\"elementor-element elementor-element-48803236 e-flex e-con-boxed e-con\" data-id=\"48803236\" data-element_type=\"container\" data-settings=\"{&quot;background_background&quot;:&quot;classic&quot;,&quot;content_width&quot;:&quot;boxed&quot;}\">\n\t\t\t\t\t<div class=\"e-con-inner\">\n\t\t\t\t<div class=\"elementor-element elementor-element-3d32dadf elementor-view-default elementor-widget elementor-widget-icon\" data-id=\"3d32dadf\" data-element_type=\"widget\" data-widget_type=\"icon.default\">\n\t\t\t\t<div class=\"elementor-widget-container\">\n\t\t\t\t\t<div class=\"elementor-icon-wrapper\">\n\t\t\t<div class=\"elementor-icon\">\n\t\t\t<svg aria-hidden=\"true\" class=\"e-font-icon-svg e-fas-star\" viewBox=\"0 0 576 512\" xmlns=\"http:\/\/www.w3.org\/2000\/svg\"><path d=\"M259.3 17.8L194 150.2 47.9 171.5c-26.2 3.8-36.7 36.1-17.7 54.6l105.7 103-25 145.5c-4.5 26.3 23.2 46 46.4 33.7L288 439.6l130.7 68.7c23.2 12.2 50.9-7.4 46.4-33.7l-25-145.5 105.7-103c19-18.5 8.5-50.8-17.7-54.6L382 150.2 316.7 17.8c-11.7-23.6-45.6-23.9-57.4 0z\"><\/path><\/svg>\t\t\t<\/div>\n\t\t<\/div>\n\t\t\t\t<\/div>\n\t\t\t\t<\/div>\n\t\t<div class=\"elementor-element elementor-element-1fa90d32 e-con-full e-flex e-con\" data-id=\"1fa90d32\" data-element_type=\"container\" data-settings=\"{&quot;content_width&quot;:&quot;full&quot;}\">\n\t\t\t\t<div class=\"elementor-element elementor-element-35eb1da9 elementor-widget__width-initial elementor-widget elementor-widget-heading\" data-id=\"35eb1da9\" data-element_type=\"widget\" data-widget_type=\"heading.default\">\n\t\t\t\t<div class=\"elementor-widget-container\">\n\t\t\t<h3 class=\"elementor-heading-title elementor-size-default\">Sobre a gente e a escola<\/h3>\t\t<\/div>\n\t\t\t\t<\/div>\n\t\t\t\t<div class=\"elementor-element elementor-element-26005cb0 elementor-widget__width-initial elementor-widget elementor-widget-heading\" data-id=\"26005cb0\" data-element_type=\"widget\" data-widget_type=\"heading.default\">\n\t\t\t\t<div class=\"elementor-widget-container\">\n\t\t\t<p class=\"elementor-heading-title elementor-size-default\">O carioca Edson Nunes iniciou sua carreira de dan\u00e7arino na academia de dan\u00e7a Chiquinha Gonzaga, depois Cia de Dan\u00e7a Jaime Ar\u00f4xa; com forma\u00e7\u00e3o em artes c\u00eanicas pelas escolas O Tablado, Faculdade da Cidade e UNIRIO. Transferiu-se para Florian\u00f3polis onde viveu por quinze anos e ali, desenvolveu metodologia pr\u00f3pria juntamente com sua esposa.A catarinense Alexandra Kirinus, \u00e9 formada em Educa\u00e7\u00e3o F\u00edsica pela UFSC e pesquisadora das dan\u00e7as de sal\u00e3o e suas origens. O casal, al\u00e9m de diversas montagens de espet\u00e1culos, participou de festivais nacionais e internacionais como competidores, professores e jurados.O Centro de Dan\u00e7a Edson Nunes, fundado em 1991 na ilha, foi consequ\u00eancia desta bem sucedida parceria, tornando-se a refer\u00eancia principal na expans\u00e3o da dan\u00e7a de sal\u00e3o no sul do Brasil. L\u00e1 formaram a Cia de Dan\u00e7a Edson Nunes, participando e sendo premiados nos mais importantes festivais de dan\u00e7a do pa\u00eds.Em 2004 partiram para uma turn\u00ea na \u00c1sia, dan\u00e7ando a bordo de um navio de cruzeiros por sete meses. Ao retornarem para o Brasil foram convidados por empres\u00e1rios ga\u00fachos para associarem-se em um projeto de aulas semanais em Porto Alegre na antiga Casa de Dan\u00e7a. Por fim decidiram se estabelecer em definitivo na cidade com aulas di\u00e1rias na mesma escola.Numa nova etapa de vida em Porto Alegre, em 2010 constitu\u00edram em sociedade com Raymundo Borin a atual Kirinus e Nunes Centro de Dan\u00e7a. Com os anos de experi\u00eancia adquiridos, hist\u00f3rico de forma\u00e7\u00e3o de grandes profissionais de dan\u00e7a de sal\u00e3o e o desejo de continuar estimulando o prazer de dan\u00e7ar a dois, a escola ensina pessoas a dan\u00e7arem, forma novos dan\u00e7arinos e professores, participa de importantes festivais de dan\u00e7a do pa\u00eds e segue sendo uma das principais refer\u00eancias em dan\u00e7a de sal\u00e3o.Em 2016, com a escola consolidada em Porto Alegre, nas depend\u00eancias do Centro Cultural 25 de Julho, a escola conquista o pr\u00eamio A\u00e7orianos de Dan\u00e7a como Destaque em Dan\u00e7a de Sal\u00e3o, \"pelo trabalho qualificado e consistente, fomentando a pr\u00e1tica, a forma\u00e7\u00e3o amadora e pr\u00e9-profissional em dan\u00e7a de sal\u00e3o, integrando diversos ritmos atrav\u00e9s de todos os seus profissionais, sempre atuando de forma \u00e9tica e integradora.\"Em 2017, Alexandra e Edson comemoraram 25 anos de parceria na dan\u00e7a.Al\u00e9m deles como professores titulares, a escola conta com uma equipe de monitores e professores assistentes formados por eles mesmos. Tem o privil\u00e9gio ainda de contar com professores e profissionais de grande excel\u00eancia e t\u00e9cnica que vieram para somar e que desenvolvem um lindo trabalho nos espa\u00e7os da escola: do ballet cl\u00e1ssico \u00e0 dan\u00e7a de sal\u00e3o, al\u00e9m de projetos variados envolvendo o corpo, a mente e a dan\u00e7a.Acreditando que quem dan\u00e7a \u00e9 mais feliz, este \u00e9 um espa\u00e7o que dedicamos \u00e0 todos aqueles que amam a dan\u00e7a, em todas as suas formas. Assim, sejam todos sempre bem vindos.<\/p>\t\t<\/div>\n\t\t\t\t<\/div>\n\t\t\t\t<\/div>\n\t\t\t\t\t<\/div>\n\t\t\t\t<\/div>\n\t\t\t\t<\/div>\n\t\t<div class=\"elementor-element elementor-element-2fbb8ead e-con-full e-flex e-con\" data-id=\"2fbb8ead\" data-element_type=\"container\" data-settings=\"{&quot;content_width&quot;:&quot;full&quot;,&quot;background_background&quot;:&quot;classic&quot;}\">\n\t\t\t\t<div class=\"elementor-element elementor-element-ca49640 elementor-widget__width-auto elementor-widget elementor-widget-heading\" data-id=\"ca49640\" data-element_type=\"widget\" data-widget_type=\"heading.default\">\n\t\t\t\t<div class=\"elementor-widget-container\">\n\t\t\t<h3 class=\"elementor-heading-title elementor-size-default\">Entre em contato conosco <br>\ne transforme sua vida<\/h3>\t\t<\/div>\n\t\t\t\t<\/div>\n\t\t\t\t<div class=\"elementor-element elementor-element-343cdd2d elementor-hidden-tablet elementor-hidden-mobile elementor-view-default elementor-widget elementor-widget-icon\" data-id=\"343cdd2d\" data-element_type=\"widget\" data-widget_type=\"icon.default\">\n\t\t\t\t<div class=\"elementor-widget-container\">\n\t\t\t\t\t<div class=\"elementor-icon-wrapper\">\n\t\t\t<div class=\"elementor-icon\">\n\t\t\t<svg aria-hidden=\"true\" class=\"e-font-icon-svg e-fas-long-arrow-alt-right\" viewBox=\"0 0 448 512\" xmlns=\"http:\/\/www.w3.org\/2000\/svg\"><path d=\"M313.941 216H12c-6.627 0-12 5.373-12 12v56c0 6.627 5.373 12 12 12h301.941v46.059c0 21.382 25.851 32.09 40.971 16.971l86.059-86.059c9.373-9.373 9.373-24.569 0-33.941l-86.059-86.059c-15.119-15.119-40.971-4.411-40.971 16.971V216z\"><\/path><\/svg>\t\t\t<\/div>\n\t\t<\/div>\n\t\t\t\t<\/div>\n\t\t\t\t<\/div>\n\t\t\t\t<div class=\"elementor-element elementor-element-7525603b elementor-widget__width-initial elementor-mobile-align-center elementor-widget elementor-widget-button\" data-id=\"7525603b\" data-element_type=\"widget\" data-widget_type=\"button.default\">\n\t\t\t\t<div class=\"elementor-widget-container\">\n\t\t\t\t\t<div class=\"elementor-button-wrapper\">\n\t\t\t<a class=\"elementor-button elementor-button-link elementor-size-xl\" href=\"https:\/\/api.whatsapp.com\/send?phone=5551981869457&#038;text=Ol%C3%A1!%20Gostaria%20de%20mais%20informa%C3%A7%C3%B5es%20sobre%20o%20curso%20fundamentos%20da%20danca%20a%20dois.\">\n\t\t\t\t\t\t<span class=\"elementor-button-content-wrapper\">\n\t\t\t\t\t\t<span class=\"elementor-button-icon elementor-align-icon-left\">\n\t\t\t\t<svg aria-hidden=\"true\" class=\"e-font-icon-svg e-fab-whatsapp\" viewBox=\"0 0 448 512\" xmlns=\"http:\/\/www.w3.org\/2000\/svg\"><path d=\"M380.9 97.1C339 55.1 283.2 32 223.9 32c-122.4 0-222 99.6-222 222 0 39.1 10.2 77.3 29.6 111L0 480l117.7-30.9c32.4 17.7 68.9 27 106.1 27h.1c122.3 0 224.1-99.6 224.1-222 0-59.3-25.2-115-67.1-157zm-157 341.6c-33.2 0-65.7-8.9-94-25.7l-6.7-4-69.8 18.3L72 359.2l-4.4-7c-18.5-29.4-28.2-63.3-28.2-98.2 0-101.7 82.8-184.5 184.6-184.5 49.3 0 95.6 19.2 130.4 54.1 34.8 34.9 56.2 81.2 56.1 130.5 0 101.8-84.9 184.6-186.6 184.6zm101.2-138.2c-5.5-2.8-32.8-16.2-37.9-18-5.1-1.9-8.8-2.8-12.5 2.8-3.7 5.6-14.3 18-17.6 21.8-3.2 3.7-6.5 4.2-12 1.4-32.6-16.3-54-29.1-75.5-66-5.7-9.8 5.7-9.1 16.3-30.3 1.8-3.7.9-6.9-.5-9.7-1.4-2.8-12.5-30.1-17.1-41.2-4.5-10.8-9.1-9.3-12.5-9.5-3.2-.2-6.9-.2-10.6-.2-3.7 0-9.7 1.4-14.8 6.9-5.1 5.6-19.4 19-19.4 46.3 0 27.3 19.9 53.7 22.6 57.4 2.8 3.7 39.1 59.7 94.8 83.8 35.2 15.2 49 16.5 66.6 13.9 10.7-1.6 32.8-13.4 37.4-26.4 4.6-13 4.6-24.1 3.2-26.4-1.3-2.5-5-3.9-10.5-6.6z\"><\/path><\/svg>\t\t\t<\/span>\n\t\t\t\t\t\t<span class=\"elementor-button-text\">Quero aprender a dan\u00e7ar!<\/span>\n\t\t<\/span>\n\t\t\t\t\t<\/a>\n\t\t<\/div>\n\t\t\t\t<\/div>\n\t\t\t\t<\/div>\n\t\t\t\t<\/div>\n\t\t\t\t\t<\/div>\n\t\t\t\t<\/div>\n\t\t\t\t\t\t\t<\/div>\n\t\t","protected":false},"excerpt":{"rendered":"<p>Seja bem vindo! Permita que a dan\u00e7a transforme sua vida&#8230; &#8230; transforme seu corpo, aumente seu c\u00edrculo de amigos, aumente sua autoestima e lhe torne ainda mais feliz. Verifique nossas aulas em turmas regulares e tamb\u00e9m a possibilidade de aulas particulares.Se voc\u00ea j\u00e1 dan\u00e7a, venha conhecer nossa escola, nossos bailes e nossos diferenciais. Se deseja [&hellip;]<\/p>\n","protected":false},"author":1,"featured_media":0,"parent":0,"menu_order":0,"comment_status":"closed","ping_status":"closed","template":"elementor_canvas","meta":{"footnotes":""},"class_list":["post-89","page","type-page","status-publish","hentry"],"yoast_head":"<!-- This site is optimized with the Yoast SEO plugin v21.0 - https:\/\/yoast.com\/wordpress\/plugins\/seo\/ -->\n<title>quem somos - Kirinus e Nunes Centro de Dan\u00e7a<\/title>\n<meta name=\"robots\" content=\"index, follow, max-snippet:-1, max-image-preview:large, max-video-preview:-1\" \/>\n<link rel=\"canonical\" href=\"https:\/\/kirinusenunes.com.br\/novo\/?page_id=89\" \/>\n<meta property=\"og:locale\" content=\"en_US\" \/>\n<meta property=\"og:type\" content=\"article\" \/>\n<meta property=\"og:title\" content=\"quem somos - Kirinus e Nunes Centro de Dan\u00e7a\" \/>\n<meta property=\"og:description\" content=\"Seja bem vindo! Permita que a dan\u00e7a transforme sua vida&#8230; &#8230; transforme seu corpo, aumente seu c\u00edrculo de amigos, aumente sua autoestima e lhe torne ainda mais feliz. Verifique nossas aulas em turmas regulares e tamb\u00e9m a possibilidade de aulas particulares.Se voc\u00ea j\u00e1 dan\u00e7a, venha conhecer nossa escola, nossos bailes e nossos diferenciais. Se deseja [&hellip;]\" \/>\n<meta property=\"og:url\" content=\"https:\/\/kirinusenunes.com.br\/novo\/?page_id=89\" \/>\n<meta property=\"og:site_name\" content=\"Kirinus e Nunes Centro de Dan\u00e7a\" \/>\n<meta property=\"article:publisher\" content=\"https:\/\/www.facebook.com\/kirinusenunes\" \/>\n<meta property=\"article:modified_time\" content=\"2023-07-31T23:12:49+00:00\" \/>\n<meta name=\"twitter:card\" content=\"summary_large_image\" \/>\n<meta name=\"twitter:label1\" content=\"Est. reading time\" \/>\n\t<meta name=\"twitter:data1\" content=\"3 minutes\" \/>\n<script type=\"application\/ld+json\" class=\"yoast-schema-graph\">{\"@context\":\"https:\/\/schema.org\",\"@graph\":[{\"@type\":\"WebPage\",\"@id\":\"https:\/\/kirinusenunes.com.br\/novo\/?page_id=89\",\"url\":\"https:\/\/kirinusenunes.com.br\/novo\/?page_id=89\",\"name\":\"quem somos - Kirinus e Nunes Centro de Dan\u00e7a\",\"isPartOf\":{\"@id\":\"https:\/\/kirinusenunes.com.br\/novo\/#website\"},\"datePublished\":\"2023-07-31T23:03:11+00:00\",\"dateModified\":\"2023-07-31T23:12:49+00:00\",\"breadcrumb\":{\"@id\":\"https:\/\/kirinusenunes.com.br\/novo\/?page_id=89#breadcrumb\"},\"inLanguage\":\"en-US\",\"potentialAction\":[{\"@type\":\"ReadAction\",\"target\":[\"https:\/\/kirinusenunes.com.br\/novo\/?page_id=89\"]}]},{\"@type\":\"BreadcrumbList\",\"@id\":\"https:\/\/kirinusenunes.com.br\/novo\/?page_id=89#breadcrumb\",\"itemListElement\":[{\"@type\":\"ListItem\",\"position\":1,\"name\":\"In\u00edcio\",\"item\":\"https:\/\/kirinusenunes.com.br\/novo\/\"},{\"@type\":\"ListItem\",\"position\":2,\"name\":\"quem somos\"}]},{\"@type\":\"WebSite\",\"@id\":\"https:\/\/kirinusenunes.com.br\/novo\/#website\",\"url\":\"https:\/\/kirinusenunes.com.br\/novo\/\",\"name\":\"Kirinus e Nunes Centro de Dan\u00e7a\",\"description\":\"\",\"publisher\":{\"@id\":\"https:\/\/kirinusenunes.com.br\/novo\/#organization\"},\"potentialAction\":[{\"@type\":\"SearchAction\",\"target\":{\"@type\":\"EntryPoint\",\"urlTemplate\":\"https:\/\/kirinusenunes.com.br\/novo\/?s={search_term_string}\"},\"query-input\":\"required name=search_term_string\"}],\"inLanguage\":\"en-US\"},{\"@type\":\"Organization\",\"@id\":\"https:\/\/kirinusenunes.com.br\/novo\/#organization\",\"name\":\"Kirinus e Nunes Centro de Dan\u00e7a\",\"url\":\"https:\/\/kirinusenunes.com.br\/novo\/\",\"logo\":{\"@type\":\"ImageObject\",\"inLanguage\":\"en-US\",\"@id\":\"https:\/\/kirinusenunes.com.br\/novo\/#\/schema\/logo\/image\/\",\"url\":\"https:\/\/kirinusenunes.com.br\/novo\/wp-content\/uploads\/2023\/07\/KNB.png\",\"contentUrl\":\"https:\/\/kirinusenunes.com.br\/novo\/wp-content\/uploads\/2023\/07\/KNB.png\",\"width\":306,\"height\":153,\"caption\":\"Kirinus e Nunes Centro de Dan\u00e7a\"},\"image\":{\"@id\":\"https:\/\/kirinusenunes.com.br\/novo\/#\/schema\/logo\/image\/\"},\"sameAs\":[\"https:\/\/www.facebook.com\/kirinusenunes\"]}]}<\/script>\n<!-- \/ Yoast SEO plugin. -->","yoast_head_json":{"title":"quem somos - Kirinus e Nunes Centro de Dan\u00e7a","robots":{"index":"index","follow":"follow","max-snippet":"max-snippet:-1","max-image-preview":"max-image-preview:large","max-video-preview":"max-video-preview:-1"},"canonical":"https:\/\/kirinusenunes.com.br\/novo\/?page_id=89","og_locale":"en_US","og_type":"article","og_title":"quem somos - Kirinus e Nunes Centro de Dan\u00e7a","og_description":"Seja bem vindo! Permita que a dan\u00e7a transforme sua vida&#8230; &#8230; transforme seu corpo, aumente seu c\u00edrculo de amigos, aumente sua autoestima e lhe torne ainda mais feliz. Verifique nossas aulas em turmas regulares e tamb\u00e9m a possibilidade de aulas particulares.Se voc\u00ea j\u00e1 dan\u00e7a, venha conhecer nossa escola, nossos bailes e nossos diferenciais. Se deseja [&hellip;]","og_url":"https:\/\/kirinusenunes.com.br\/novo\/?page_id=89","og_site_name":"Kirinus e Nunes Centro de Dan\u00e7a","article_publisher":"https:\/\/www.facebook.com\/kirinusenunes","article_modified_time":"2023-07-31T23:12:49+00:00","twitter_card":"summary_large_image","twitter_misc":{"Est. reading time":"3 minutes"},"schema":{"@context":"https:\/\/schema.org","@graph":[{"@type":"WebPage","@id":"https:\/\/kirinusenunes.com.br\/novo\/?page_id=89","url":"https:\/\/kirinusenunes.com.br\/novo\/?page_id=89","name":"quem somos - Kirinus e Nunes Centro de Dan\u00e7a","isPartOf":{"@id":"https:\/\/kirinusenunes.com.br\/novo\/#website"},"datePublished":"2023-07-31T23:03:11+00:00","dateModified":"2023-07-31T23:12:49+00:00","breadcrumb":{"@id":"https:\/\/kirinusenunes.com.br\/novo\/?page_id=89#breadcrumb"},"inLanguage":"en-US","potentialAction":[{"@type":"ReadAction","target":["https:\/\/kirinusenunes.com.br\/novo\/?page_id=89"]}]},{"@type":"BreadcrumbList","@id":"https:\/\/kirinusenunes.com.br\/novo\/?page_id=89#breadcrumb","itemListElement":[{"@type":"ListItem","position":1,"name":"In\u00edcio","item":"https:\/\/kirinusenunes.com.br\/novo\/"},{"@type":"ListItem","position":2,"name":"quem somos"}]},{"@type":"WebSite","@id":"https:\/\/kirinusenunes.com.br\/novo\/#website","url":"https:\/\/kirinusenunes.com.br\/novo\/","name":"Kirinus e Nunes Centro de Dan\u00e7a","description":"","publisher":{"@id":"https:\/\/kirinusenunes.com.br\/novo\/#organization"},"potentialAction":[{"@type":"SearchAction","target":{"@type":"EntryPoint","urlTemplate":"https:\/\/kirinusenunes.com.br\/novo\/?s={search_term_string}"},"query-input":"required name=search_term_string"}],"inLanguage":"en-US"},{"@type":"Organization","@id":"https:\/\/kirinusenunes.com.br\/novo\/#organization","name":"Kirinus e Nunes Centro de Dan\u00e7a","url":"https:\/\/kirinusenunes.com.br\/novo\/","logo":{"@type":"ImageObject","inLanguage":"en-US","@id":"https:\/\/kirinusenunes.com.br\/novo\/#\/schema\/logo\/image\/","url":"https:\/\/kirinusenunes.com.br\/novo\/wp-content\/uploads\/2023\/07\/KNB.png","contentUrl":"https:\/\/kirinusenunes.com.br\/novo\/wp-content\/uploads\/2023\/07\/KNB.png","width":306,"height":153,"caption":"Kirinus e Nunes Centro de Dan\u00e7a"},"image":{"@id":"https:\/\/kirinusenunes.com.br\/novo\/#\/schema\/logo\/image\/"},"sameAs":["https:\/\/www.facebook.com\/kirinusenunes"]}]}},"_links":{"self":[{"href":"https:\/\/kirinusenunes.com.br\/novo\/index.php?rest_route=\/wp\/v2\/pages\/89","targetHints":{"allow":["GET"]}}],"collection":[{"href":"https:\/\/kirinusenunes.com.br\/novo\/index.php?rest_route=\/wp\/v2\/pages"}],"about":[{"href":"https:\/\/kirinusenunes.com.br\/novo\/index.php?rest_route=\/wp\/v2\/types\/page"}],"author":[{"embeddable":true,"href":"https:\/\/kirinusenunes.com.br\/novo\/index.php?rest_route=\/wp\/v2\/users\/1"}],"replies":[{"embeddable":true,"href":"https:\/\/kirinusenunes.com.br\/novo\/index.php?rest_route=%2Fwp%2Fv2%2Fcomments&post=89"}],"version-history":[{"count":4,"href":"https:\/\/kirinusenunes.com.br\/novo\/index.php?rest_route=\/wp\/v2\/pages\/89\/revisions"}],"predecessor-version":[{"id":93,"href":"https:\/\/kirinusenunes.com.br\/novo\/index.php?rest_route=\/wp\/v2\/pages\/89\/revisions\/93"}],"wp:attachment":[{"href":"https:\/\/kirinusenunes.com.br\/novo\/index.php?rest_route=%2Fwp%2Fv2%2Fmedia&parent=89"}],"curies":[{"name":"wp","href":"https:\/\/api.w.org\/{rel}","templated":true}]}}