{"id":121,"date":"2023-07-31T20:47:13","date_gmt":"2023-07-31T23:47:13","guid":{"rendered":"https:\/\/kirinusenunes.com.br\/novo\/?page_id=121"},"modified":"2023-08-11T11:52:09","modified_gmt":"2023-08-11T14:52:09","slug":"horarios","status":"publish","type":"page","link":"https:\/\/kirinusenunes.com.br\/novo\/?page_id=121","title":{"rendered":"horarios"},"content":{"rendered":"\t\t<div data-elementor-type=\"wp-page\" data-elementor-id=\"121\" class=\"elementor elementor-121\">\n\t\t\t\t\t\t\t<div class=\"elementor-element elementor-element-2da53d75 e-flex e-con-boxed e-con\" data-id=\"2da53d75\" data-element_type=\"container\" data-settings=\"{&quot;content_width&quot;:&quot;boxed&quot;}\">\n\t\t\t\t\t<div class=\"e-con-inner\">\n\t\t<div class=\"elementor-element elementor-element-38c9d228 e-con-full e-flex e-con\" data-id=\"38c9d228\" data-element_type=\"container\" data-settings=\"{&quot;content_width&quot;:&quot;full&quot;,&quot;background_background&quot;:&quot;classic&quot;}\">\n\t\t\t\t<div class=\"elementor-element elementor-element-1c36a330 elementor-widget__width-initial elementor-widget elementor-widget-heading\" data-id=\"1c36a330\" data-element_type=\"widget\" data-widget_type=\"heading.default\">\n\t\t\t\t<div class=\"elementor-widget-container\">\n\t\t\t<style>\/*! elementor - v3.15.0 - 20-08-2023 *\/\n.elementor-heading-title{padding:0;margin:0;line-height:1}.elementor-widget-heading .elementor-heading-title[class*=elementor-size-]>a{color:inherit;font-size:inherit;line-height:inherit}.elementor-widget-heading .elementor-heading-title.elementor-size-small{font-size:15px}.elementor-widget-heading .elementor-heading-title.elementor-size-medium{font-size:19px}.elementor-widget-heading .elementor-heading-title.elementor-size-large{font-size:29px}.elementor-widget-heading .elementor-heading-title.elementor-size-xl{font-size:39px}.elementor-widget-heading .elementor-heading-title.elementor-size-xxl{font-size:59px}<\/style><h1 class=\"elementor-heading-title elementor-size-default\">Nossos hor\u00e1rios: Encontre o ritmo que complementa seu dia!<\/h1>\t\t<\/div>\n\t\t\t\t<\/div>\n\t\t\t\t<div class=\"elementor-element elementor-element-4eca5af3 elementor-widget__width-initial elementor-widget elementor-widget-heading\" data-id=\"4eca5af3\" data-element_type=\"widget\" data-widget_type=\"heading.default\">\n\t\t\t\t<div class=\"elementor-widget-container\">\n\t\t\t<h3 class=\"elementor-heading-title elementor-size-default\">Confira a programa\u00e7\u00e3o completa das nossas modalidades. Seja dan\u00e7a de sal\u00e3o, ballet ou zumba, h\u00e1 sempre um hor\u00e1rio perfeito para voc\u00ea. Escolha o que melhor se encaixa na sua rotina e venha dan\u00e7ar conosco!<\/h3>\t\t<\/div>\n\t\t\t\t<\/div>\n\t\t\t\t<\/div>\n\t\t<div class=\"elementor-element elementor-element-75ac6eea e-con-full e-flex e-con\" data-id=\"75ac6eea\" data-element_type=\"container\" data-settings=\"{&quot;content_width&quot;:&quot;full&quot;}\">\n\t\t\t\t<div class=\"elementor-element elementor-element-9c167b1 elementor-widget-mobile__width-inherit elementor-widget elementor-widget-image\" data-id=\"9c167b1\" data-element_type=\"widget\" data-widget_type=\"image.default\">\n\t\t\t\t<div class=\"elementor-widget-container\">\n\t\t\t<style>\/*! elementor - v3.15.0 - 20-08-2023 *\/\n.elementor-widget-image{text-align:center}.elementor-widget-image a{display:inline-block}.elementor-widget-image a img[src$=\".svg\"]{width:48px}.elementor-widget-image img{vertical-align:middle;display:inline-block}<\/style>\t\t\t\t\t\t\t\t\t\t\t\t<img loading=\"lazy\" decoding=\"async\" width=\"841\" height=\"1190\" src=\"https:\/\/kirinusenunes.com.br\/novo\/wp-content\/uploads\/2023\/08\/kncd_horarios.jpg\" class=\"attachment-full size-full wp-image-144\" alt=\"\" srcset=\"https:\/\/kirinusenunes.com.br\/novo\/wp-content\/uploads\/2023\/08\/kncd_horarios.jpg 841w, https:\/\/kirinusenunes.com.br\/novo\/wp-content\/uploads\/2023\/08\/kncd_horarios-212x300.jpg 212w, https:\/\/kirinusenunes.com.br\/novo\/wp-content\/uploads\/2023\/08\/kncd_horarios-724x1024.jpg 724w, https:\/\/kirinusenunes.com.br\/novo\/wp-content\/uploads\/2023\/08\/kncd_horarios-768x1087.jpg 768w\" sizes=\"auto, (max-width: 841px) 100vw, 841px\" \/>\t\t\t\t\t\t\t\t\t\t\t\t\t\t\t<\/div>\n\t\t\t\t<\/div>\n\t\t\t\t<\/div>\n\t\t<div class=\"elementor-element elementor-element-410548f4 e-con-full e-flex e-con\" data-id=\"410548f4\" data-element_type=\"container\" data-settings=\"{&quot;content_width&quot;:&quot;full&quot;,&quot;background_background&quot;:&quot;classic&quot;}\">\n\t\t\t\t<div class=\"elementor-element elementor-element-defbb2d elementor-widget__width-auto elementor-widget elementor-widget-heading\" data-id=\"defbb2d\" data-element_type=\"widget\" data-widget_type=\"heading.default\">\n\t\t\t\t<div class=\"elementor-widget-container\">\n\t\t\t<h3 class=\"elementor-heading-title elementor-size-default\">Entre em contato conosco <br>\ne transforme sua vida<\/h3>\t\t<\/div>\n\t\t\t\t<\/div>\n\t\t\t\t<div class=\"elementor-element elementor-element-5181d244 elementor-hidden-tablet elementor-hidden-mobile elementor-view-default elementor-widget elementor-widget-icon\" data-id=\"5181d244\" data-element_type=\"widget\" data-widget_type=\"icon.default\">\n\t\t\t\t<div class=\"elementor-widget-container\">\n\t\t\t\t\t<div class=\"elementor-icon-wrapper\">\n\t\t\t<div class=\"elementor-icon\">\n\t\t\t<svg aria-hidden=\"true\" class=\"e-font-icon-svg e-fas-long-arrow-alt-right\" viewBox=\"0 0 448 512\" xmlns=\"http:\/\/www.w3.org\/2000\/svg\"><path d=\"M313.941 216H12c-6.627 0-12 5.373-12 12v56c0 6.627 5.373 12 12 12h301.941v46.059c0 21.382 25.851 32.09 40.971 16.971l86.059-86.059c9.373-9.373 9.373-24.569 0-33.941l-86.059-86.059c-15.119-15.119-40.971-4.411-40.971 16.971V216z\"><\/path><\/svg>\t\t\t<\/div>\n\t\t<\/div>\n\t\t\t\t<\/div>\n\t\t\t\t<\/div>\n\t\t\t\t<div class=\"elementor-element elementor-element-2b6c9ddc elementor-widget__width-initial elementor-mobile-align-center elementor-widget elementor-widget-button\" data-id=\"2b6c9ddc\" data-element_type=\"widget\" data-widget_type=\"button.default\">\n\t\t\t\t<div class=\"elementor-widget-container\">\n\t\t\t\t\t<div class=\"elementor-button-wrapper\">\n\t\t\t<a class=\"elementor-button elementor-button-link elementor-size-xl\" href=\"https:\/\/api.whatsapp.com\/send?phone=5551981869457&#038;text=Gostaria%20de%20saber%20os%20hor%C3%A1rios%20das%20aulas%20de%20dan%C3%A7a.\">\n\t\t\t\t\t\t<span class=\"elementor-button-content-wrapper\">\n\t\t\t\t\t\t<span class=\"elementor-button-icon elementor-align-icon-left\">\n\t\t\t\t<svg aria-hidden=\"true\" class=\"e-font-icon-svg e-fab-whatsapp\" viewBox=\"0 0 448 512\" xmlns=\"http:\/\/www.w3.org\/2000\/svg\"><path d=\"M380.9 97.1C339 55.1 283.2 32 223.9 32c-122.4 0-222 99.6-222 222 0 39.1 10.2 77.3 29.6 111L0 480l117.7-30.9c32.4 17.7 68.9 27 106.1 27h.1c122.3 0 224.1-99.6 224.1-222 0-59.3-25.2-115-67.1-157zm-157 341.6c-33.2 0-65.7-8.9-94-25.7l-6.7-4-69.8 18.3L72 359.2l-4.4-7c-18.5-29.4-28.2-63.3-28.2-98.2 0-101.7 82.8-184.5 184.6-184.5 49.3 0 95.6 19.2 130.4 54.1 34.8 34.9 56.2 81.2 56.1 130.5 0 101.8-84.9 184.6-186.6 184.6zm101.2-138.2c-5.5-2.8-32.8-16.2-37.9-18-5.1-1.9-8.8-2.8-12.5 2.8-3.7 5.6-14.3 18-17.6 21.8-3.2 3.7-6.5 4.2-12 1.4-32.6-16.3-54-29.1-75.5-66-5.7-9.8 5.7-9.1 16.3-30.3 1.8-3.7.9-6.9-.5-9.7-1.4-2.8-12.5-30.1-17.1-41.2-4.5-10.8-9.1-9.3-12.5-9.5-3.2-.2-6.9-.2-10.6-.2-3.7 0-9.7 1.4-14.8 6.9-5.1 5.6-19.4 19-19.4 46.3 0 27.3 19.9 53.7 22.6 57.4 2.8 3.7 39.1 59.7 94.8 83.8 35.2 15.2 49 16.5 66.6 13.9 10.7-1.6 32.8-13.4 37.4-26.4 4.6-13 4.6-24.1 3.2-26.4-1.3-2.5-5-3.9-10.5-6.6z\"><\/path><\/svg>\t\t\t<\/span>\n\t\t\t\t\t\t<span class=\"elementor-button-text\">Quero aprender a dan\u00e7ar!<\/span>\n\t\t<\/span>\n\t\t\t\t\t<\/a>\n\t\t<\/div>\n\t\t\t\t<\/div>\n\t\t\t\t<\/div>\n\t\t\t\t<\/div>\n\t\t\t\t\t<\/div>\n\t\t\t\t<\/div>\n\t\t\t\t\t\t\t<\/div>\n\t\t","protected":false},"excerpt":{"rendered":"<p>Nossos hor\u00e1rios: Encontre o ritmo que complementa seu dia! Confira a programa\u00e7\u00e3o completa das nossas modalidades. Seja dan\u00e7a de sal\u00e3o, ballet ou zumba, h\u00e1 sempre um hor\u00e1rio perfeito para voc\u00ea. Escolha o que melhor se encaixa na sua rotina e venha dan\u00e7ar conosco! Entre em contato conosco e transforme sua vida Quero aprender a dan\u00e7ar!<\/p>\n","protected":false},"author":1,"featured_media":0,"parent":0,"menu_order":0,"comment_status":"closed","ping_status":"closed","template":"elementor_canvas","meta":{"footnotes":""},"class_list":["post-121","page","type-page","status-publish","hentry"],"yoast_head":"<!-- This site is optimized with the Yoast SEO plugin v21.0 - https:\/\/yoast.com\/wordpress\/plugins\/seo\/ -->\n<title>horarios - Kirinus e Nunes Centro de Dan\u00e7a<\/title>\n<meta name=\"robots\" content=\"index, follow, max-snippet:-1, max-image-preview:large, max-video-preview:-1\" \/>\n<link rel=\"canonical\" href=\"https:\/\/kirinusenunes.com.br\/novo\/?page_id=121\" \/>\n<meta property=\"og:locale\" content=\"en_US\" \/>\n<meta property=\"og:type\" content=\"article\" \/>\n<meta property=\"og:title\" content=\"horarios - Kirinus e Nunes Centro de Dan\u00e7a\" \/>\n<meta property=\"og:description\" content=\"Nossos hor\u00e1rios: Encontre o ritmo que complementa seu dia! Confira a programa\u00e7\u00e3o completa das nossas modalidades. Seja dan\u00e7a de sal\u00e3o, ballet ou zumba, h\u00e1 sempre um hor\u00e1rio perfeito para voc\u00ea. Escolha o que melhor se encaixa na sua rotina e venha dan\u00e7ar conosco! Entre em contato conosco e transforme sua vida Quero aprender a dan\u00e7ar!\" \/>\n<meta property=\"og:url\" content=\"https:\/\/kirinusenunes.com.br\/novo\/?page_id=121\" \/>\n<meta property=\"og:site_name\" content=\"Kirinus e Nunes Centro de Dan\u00e7a\" \/>\n<meta property=\"article:publisher\" content=\"https:\/\/www.facebook.com\/kirinusenunes\" \/>\n<meta property=\"article:modified_time\" content=\"2023-08-11T14:52:09+00:00\" \/>\n<meta property=\"og:image\" content=\"http:\/\/kirinusenunes.com.br\/novo\/wp-content\/uploads\/2023\/08\/kncd_horarios.jpg\" \/>\n<meta name=\"twitter:card\" content=\"summary_large_image\" \/>\n<meta name=\"twitter:label1\" content=\"Est. reading time\" \/>\n\t<meta name=\"twitter:data1\" content=\"1 minute\" \/>\n<script type=\"application\/ld+json\" class=\"yoast-schema-graph\">{\"@context\":\"https:\/\/schema.org\",\"@graph\":[{\"@type\":\"WebPage\",\"@id\":\"https:\/\/kirinusenunes.com.br\/novo\/?page_id=121\",\"url\":\"https:\/\/kirinusenunes.com.br\/novo\/?page_id=121\",\"name\":\"horarios - Kirinus e Nunes Centro de Dan\u00e7a\",\"isPartOf\":{\"@id\":\"https:\/\/kirinusenunes.com.br\/novo\/#website\"},\"datePublished\":\"2023-07-31T23:47:13+00:00\",\"dateModified\":\"2023-08-11T14:52:09+00:00\",\"breadcrumb\":{\"@id\":\"https:\/\/kirinusenunes.com.br\/novo\/?page_id=121#breadcrumb\"},\"inLanguage\":\"en-US\",\"potentialAction\":[{\"@type\":\"ReadAction\",\"target\":[\"https:\/\/kirinusenunes.com.br\/novo\/?page_id=121\"]}]},{\"@type\":\"BreadcrumbList\",\"@id\":\"https:\/\/kirinusenunes.com.br\/novo\/?page_id=121#breadcrumb\",\"itemListElement\":[{\"@type\":\"ListItem\",\"position\":1,\"name\":\"In\u00edcio\",\"item\":\"https:\/\/kirinusenunes.com.br\/novo\/\"},{\"@type\":\"ListItem\",\"position\":2,\"name\":\"horarios\"}]},{\"@type\":\"WebSite\",\"@id\":\"https:\/\/kirinusenunes.com.br\/novo\/#website\",\"url\":\"https:\/\/kirinusenunes.com.br\/novo\/\",\"name\":\"Kirinus e Nunes Centro de Dan\u00e7a\",\"description\":\"\",\"publisher\":{\"@id\":\"https:\/\/kirinusenunes.com.br\/novo\/#organization\"},\"potentialAction\":[{\"@type\":\"SearchAction\",\"target\":{\"@type\":\"EntryPoint\",\"urlTemplate\":\"https:\/\/kirinusenunes.com.br\/novo\/?s={search_term_string}\"},\"query-input\":\"required name=search_term_string\"}],\"inLanguage\":\"en-US\"},{\"@type\":\"Organization\",\"@id\":\"https:\/\/kirinusenunes.com.br\/novo\/#organization\",\"name\":\"Kirinus e Nunes Centro de Dan\u00e7a\",\"url\":\"https:\/\/kirinusenunes.com.br\/novo\/\",\"logo\":{\"@type\":\"ImageObject\",\"inLanguage\":\"en-US\",\"@id\":\"https:\/\/kirinusenunes.com.br\/novo\/#\/schema\/logo\/image\/\",\"url\":\"https:\/\/kirinusenunes.com.br\/novo\/wp-content\/uploads\/2023\/07\/KNB.png\",\"contentUrl\":\"https:\/\/kirinusenunes.com.br\/novo\/wp-content\/uploads\/2023\/07\/KNB.png\",\"width\":306,\"height\":153,\"caption\":\"Kirinus e Nunes Centro de Dan\u00e7a\"},\"image\":{\"@id\":\"https:\/\/kirinusenunes.com.br\/novo\/#\/schema\/logo\/image\/\"},\"sameAs\":[\"https:\/\/www.facebook.com\/kirinusenunes\"]}]}<\/script>\n<!-- \/ Yoast SEO plugin. -->","yoast_head_json":{"title":"horarios - Kirinus e Nunes Centro de Dan\u00e7a","robots":{"index":"index","follow":"follow","max-snippet":"max-snippet:-1","max-image-preview":"max-image-preview:large","max-video-preview":"max-video-preview:-1"},"canonical":"https:\/\/kirinusenunes.com.br\/novo\/?page_id=121","og_locale":"en_US","og_type":"article","og_title":"horarios - Kirinus e Nunes Centro de Dan\u00e7a","og_description":"Nossos hor\u00e1rios: Encontre o ritmo que complementa seu dia! Confira a programa\u00e7\u00e3o completa das nossas modalidades. Seja dan\u00e7a de sal\u00e3o, ballet ou zumba, h\u00e1 sempre um hor\u00e1rio perfeito para voc\u00ea. Escolha o que melhor se encaixa na sua rotina e venha dan\u00e7ar conosco! Entre em contato conosco e transforme sua vida Quero aprender a dan\u00e7ar!","og_url":"https:\/\/kirinusenunes.com.br\/novo\/?page_id=121","og_site_name":"Kirinus e Nunes Centro de Dan\u00e7a","article_publisher":"https:\/\/www.facebook.com\/kirinusenunes","article_modified_time":"2023-08-11T14:52:09+00:00","og_image":[{"url":"http:\/\/kirinusenunes.com.br\/novo\/wp-content\/uploads\/2023\/08\/kncd_horarios.jpg"}],"twitter_card":"summary_large_image","twitter_misc":{"Est. reading time":"1 minute"},"schema":{"@context":"https:\/\/schema.org","@graph":[{"@type":"WebPage","@id":"https:\/\/kirinusenunes.com.br\/novo\/?page_id=121","url":"https:\/\/kirinusenunes.com.br\/novo\/?page_id=121","name":"horarios - Kirinus e Nunes Centro de Dan\u00e7a","isPartOf":{"@id":"https:\/\/kirinusenunes.com.br\/novo\/#website"},"datePublished":"2023-07-31T23:47:13+00:00","dateModified":"2023-08-11T14:52:09+00:00","breadcrumb":{"@id":"https:\/\/kirinusenunes.com.br\/novo\/?page_id=121#breadcrumb"},"inLanguage":"en-US","potentialAction":[{"@type":"ReadAction","target":["https:\/\/kirinusenunes.com.br\/novo\/?page_id=121"]}]},{"@type":"BreadcrumbList","@id":"https:\/\/kirinusenunes.com.br\/novo\/?page_id=121#breadcrumb","itemListElement":[{"@type":"ListItem","position":1,"name":"In\u00edcio","item":"https:\/\/kirinusenunes.com.br\/novo\/"},{"@type":"ListItem","position":2,"name":"horarios"}]},{"@type":"WebSite","@id":"https:\/\/kirinusenunes.com.br\/novo\/#website","url":"https:\/\/kirinusenunes.com.br\/novo\/","name":"Kirinus e Nunes Centro de Dan\u00e7a","description":"","publisher":{"@id":"https:\/\/kirinusenunes.com.br\/novo\/#organization"},"potentialAction":[{"@type":"SearchAction","target":{"@type":"EntryPoint","urlTemplate":"https:\/\/kirinusenunes.com.br\/novo\/?s={search_term_string}"},"query-input":"required name=search_term_string"}],"inLanguage":"en-US"},{"@type":"Organization","@id":"https:\/\/kirinusenunes.com.br\/novo\/#organization","name":"Kirinus e Nunes Centro de Dan\u00e7a","url":"https:\/\/kirinusenunes.com.br\/novo\/","logo":{"@type":"ImageObject","inLanguage":"en-US","@id":"https:\/\/kirinusenunes.com.br\/novo\/#\/schema\/logo\/image\/","url":"https:\/\/kirinusenunes.com.br\/novo\/wp-content\/uploads\/2023\/07\/KNB.png","contentUrl":"https:\/\/kirinusenunes.com.br\/novo\/wp-content\/uploads\/2023\/07\/KNB.png","width":306,"height":153,"caption":"Kirinus e Nunes Centro de Dan\u00e7a"},"image":{"@id":"https:\/\/kirinusenunes.com.br\/novo\/#\/schema\/logo\/image\/"},"sameAs":["https:\/\/www.facebook.com\/kirinusenunes"]}]}},"_links":{"self":[{"href":"https:\/\/kirinusenunes.com.br\/novo\/index.php?rest_route=\/wp\/v2\/pages\/121","targetHints":{"allow":["GET"]}}],"collection":[{"href":"https:\/\/kirinusenunes.com.br\/novo\/index.php?rest_route=\/wp\/v2\/pages"}],"about":[{"href":"https:\/\/kirinusenunes.com.br\/novo\/index.php?rest_route=\/wp\/v2\/types\/page"}],"author":[{"embeddable":true,"href":"https:\/\/kirinusenunes.com.br\/novo\/index.php?rest_route=\/wp\/v2\/users\/1"}],"replies":[{"embeddable":true,"href":"https:\/\/kirinusenunes.com.br\/novo\/index.php?rest_route=%2Fwp%2Fv2%2Fcomments&post=121"}],"version-history":[{"count":10,"href":"https:\/\/kirinusenunes.com.br\/novo\/index.php?rest_route=\/wp\/v2\/pages\/121\/revisions"}],"predecessor-version":[{"id":162,"href":"https:\/\/kirinusenunes.com.br\/novo\/index.php?rest_route=\/wp\/v2\/pages\/121\/revisions\/162"}],"wp:attachment":[{"href":"https:\/\/kirinusenunes.com.br\/novo\/index.php?rest_route=%2Fwp%2Fv2%2Fmedia&parent=121"}],"curies":[{"name":"wp","href":"https:\/\/api.w.org\/{rel}","templated":true}]}}